{"id":9,"date":"2019-10-31T13:40:25","date_gmt":"2019-10-31T13:40:25","guid":{"rendered":"https:\/\/appblocksfree.liquid-themes.com\/staging\/?page_id=9"},"modified":"2022-10-26T10:18:36","modified_gmt":"2022-10-26T07:18:36","slug":"app-blocks-homepage","status":"publish","type":"page","link":"https:\/\/espkablo.com\/","title":{"rendered":"Anasayfa"},"content":{"rendered":"<p>[vc_row full_width=&#8221;stretch_row&#8221; full_height=&#8221;yes&#8221; content_placement=&#8221;middle&#8221; data_tooltip=&#8221;Haberle\u015fme&#8221; responsive_css=&#8221;padding_top_medium:6vh|padding_right_medium:10vw|padding_bottom_medium:0px|padding_left_medium:10vw|padding_bottom_small:100px&#8221; css=&#8221;.vc_custom_1622633454898{padding-top: 160px !important;padding-bottom: 60px !important;background-image: url(https:\/\/espkablo.com\/wp-content\/uploads\/2020\/07\/lines-5.svg?id=204) !important;background-position: 0 0 !important;background-repeat: repeat !important;}&#8221; el_id=&#8221;bilgi&#8221;][vc_column enable_content_animation=&#8221;yes&#8221; ca_init_scale_x=&#8221;1&#8243; ca_init_scale_y=&#8221;1&#8243; ca_init_opacity=&#8221;0&#8243; ca_an_scale_x=&#8221;1&#8243; ca_an_scale_y=&#8221;1&#8243; ca_an_opacity=&#8221;1&#8243; ca_init_scale_z=&#8221;1&#8243; ca_an_scale_z=&#8221;1&#8243; offset=&#8221;vc_col-md-6&#8243; responsive_css=&#8221;margin_bottom_medium:0px&#8221; css=&#8221;.vc_custom_1612169489054{margin-bottom: 35px !important;}&#8221; responsive_align=&#8221;text-center text-sm-left&#8221; ca_duration=&#8221;1600&#8243; ca_delay=&#8221;160&#8243; ca_init_translate_y=&#8221;45&#8243;][ld_fancy_heading use_custom_fonts_title=&#8221;true&#8221; lh=&#8221;text_small:1em&#8221; fs=&#8221;text_all:40px|text_large:5vw|text_medium:77px|text_small:17vw&#8221; color=&#8221;rgb(0, 0, 0)&#8221; margin=&#8221;bottom_small:0px&#8221; ls=&#8221;text_small:-0.02em&#8221;]Bilgiyi Hayata[\/ld_fancy_heading][ld_fancy_heading use_custom_fonts_title=&#8221;true&#8221; lh=&#8221;text_small:1.1em&#8221; fs=&#8221;text_large:5vw|text_medium:77px|text_small:23.5vw&#8221; gradient=&#8221;linear-gradient(90deg, rgb(245, 58, 139) 15.923566878980886%, rgb(238, 112, 74) 50.63694267515923%, rgb(107,133,255) 99.68152866242038%)&#8221; ls=&#8221;text_small:-0.02em&#8221; margin=&#8221;bottom_small:0.35em&#8221;]aktar\u0131r![\/ld_fancy_heading][vc_row_inner][vc_column_inner][ld_button style=&#8221;btn-solid&#8221; title=&#8221;Haberle\u015fme `{`ld_span`}`Kablolar\u0131 i\u00e7in T\u0131klay\u0131n`{`\/ld_span`}`&#8221; shape=&#8221;round&#8221; size=&#8221;btn-lg&#8221; border=&#8221;border-none&#8221; i_type=&#8221;fontawesome&#8221; i_separator=&#8221;btn-icon-sep&#8221; enable_row_shadowbox=&#8221;yes&#8221; i_add_icon=&#8221;true&#8221; i_icon_fontawesome=&#8221;fas fa-mobile-alt&#8221; i_size=&#8221;22px&#8221; color=&#8221;rgb(44, 46, 49)&#8221; text_color=&#8221;rgb(255, 255, 255)&#8221; htext_color=&#8221;rgb(255, 255, 255)&#8221; fs=&#8221;text_small:12px&#8221; lh=&#8221;text_small:1.5em&#8221; fw=&#8221;text_small:700&#8243; ls=&#8221;text_small:0.05em&#8221; button_box_shadow=&#8221;%5B%7B%22x_offset%22%3A%220%22%2C%22y_offset%22%3A%2220px%22%2C%22blur_radius%22%3A%2240px%22%2C%22shadow_color%22%3A%22rgba(73%2C76%2C137%2C0.13)%22%7D%5D&#8221; hover_button_box_shadow=&#8221;%5B%7B%7D%5D&#8221; css=&#8221;.vc_custom_1622592015459{margin-bottom: 25px !important;padding-top: 0.5em !important;padding-bottom: 0.5em !important;}&#8221;][vc_column_text]<span style=\"font-size: 12px;\">yada bizimle iletime ge\u00e7mek i\u00e7in \u00a0<a href=\"\/bize-ulasin\/\">t\u0131klay\u0131n<\/a><\/span>[\/vc_column_text][\/vc_column_inner][\/vc_row_inner][\/vc_column][vc_column column_top_onmobile=&#8221;yes&#8221; align=&#8221;text-center&#8221; offset=&#8221;vc_col-md-6&#8243; css=&#8221;.vc_custom_1606982949576{margin-bottom: 30px !important;background-position: center !important;background-repeat: no-repeat !important;background-size: contain !important;}&#8221; responsive_align=&#8221;text-center&#8221; responsive_css=&#8221;margin_bottom_small:0px&#8221;][ld_images_group_element img_size=&#8221;100%&#8221; enable_hover3d=&#8221;yes&#8221; enable_float_effect=&#8221;yes&#8221; image=&#8221;257&#8243; margin=&#8221;left_large:-18%25&#8243;][\/ld_images_group_element][\/vc_column][\/vc_row][vc_row full_height=&#8221;yes&#8221; content_placement=&#8221;middle&#8221; css=&#8221;.vc_custom_1622633481100{padding-top: 100px !important;background-image: url(https:\/\/espkablo.com\/wp-content\/uploads\/2020\/07\/lines-5.svg?id=204) !important;background-position: 0 0 !important;background-repeat: repeat !important;}&#8221; data_tooltip=&#8221;\u00d6zel Kablolar&#8221; responsive_css=&#8221;padding_bottom_medium:150px|padding_top_small:150px&#8221; el_id=&#8221;ozel&#8221;][vc_column enable_content_animation=&#8221;yes&#8221; ca_init_scale_x=&#8221;1&#8243; ca_init_scale_y=&#8221;1&#8243; ca_init_opacity=&#8221;0&#8243; ca_an_scale_x=&#8221;1&#8243; ca_an_scale_y=&#8221;1&#8243; ca_an_opacity=&#8221;1&#8243; ca_init_scale_z=&#8221;1&#8243; ca_an_scale_z=&#8221;1&#8243; offset=&#8221;vc_col-md-6&#8243; ca_duration=&#8221;1800&#8243; ca_delay=&#8221;180&#8243; ca_init_translate_y=&#8221;35&#8243; responsive_css=&#8221;padding_top_medium:35px&#8221;][ld_fancy_heading use_custom_fonts_title=&#8221;true&#8221; lh=&#8221;text_small:1em&#8221; fs=&#8221;text_all:40px|text_large:5vw|text_medium:77px|text_small:17vw&#8221; color=&#8221;rgb(0, 0, 0)&#8221; margin=&#8221;bottom_small:0px&#8221; ls=&#8221;text_small:-0.02em&#8221;]Eme\u011fi Hayata[\/ld_fancy_heading][ld_fancy_heading use_custom_fonts_title=&#8221;true&#8221; lh=&#8221;text_small:1.1em&#8221; fs=&#8221;text_large:5vw|text_medium:77px|text_small:23.5vw&#8221; gradient=&#8221;linear-gradient(90deg, rgb(245, 58, 139) 15.923566878980886%, rgb(238, 112, 74) 50.63694267515923%, rgb(107,133,255) 99.68152866242038%)&#8221; ls=&#8221;text_small:-0.02em&#8221; margin=&#8221;bottom_small:0.35em&#8221;]aktar\u0131r![\/ld_fancy_heading][ld_fancy_heading tag=&#8221;p&#8221; ca_init_scale_x=&#8221;1&#8243; ca_init_scale_y=&#8221;1&#8243; ca_init_opacity=&#8221;1&#8243; ca_an_scale_x=&#8221;1&#8243; ca_an_scale_y=&#8221;1&#8243; ca_an_opacity=&#8221;1&#8243; use_custom_fonts_title=&#8221;true&#8221; enable_split=&#8221;true&#8221; use_mask=&#8221;true&#8221; ca_init_scale_z=&#8221;1&#8243; ca_an_scale_z=&#8221;1&#8243; fs=&#8221;text_small:21px&#8221; lh=&#8221;text_small:33px&#8221; margin=&#8221;bottom_small:1.67em&#8221; ca_init_translate_y=&#8221;0&#8243; start_delay=&#8221;1150&#8243;]T\u00fcm \u00fcr\u00fcnleriniz i\u00e7in \u00f6zel kablolar \u00fcreterek, y\u0131llard\u0131r kazand\u0131\u011f\u0131n\u0131z bilgi ve eme\u011finizi hayata aktarmaktay\u0131z.[\/ld_fancy_heading][ld_button style=&#8221;btn-solid&#8221; title=&#8221;\u00d6zel `{`ld_span`}`Kablolar\u0131 i\u00e7in T\u0131klay\u0131n`{`\/ld_span`}`&#8221; shape=&#8221;round&#8221; size=&#8221;btn-lg&#8221; border=&#8221;border-none&#8221; i_type=&#8221;fontawesome&#8221; i_separator=&#8221;btn-icon-sep&#8221; enable_row_shadowbox=&#8221;yes&#8221; i_add_icon=&#8221;true&#8221; i_icon_fontawesome=&#8221;fas fa-microchip&#8221; i_size=&#8221;22px&#8221; color=&#8221;rgb(44, 46, 49)&#8221; text_color=&#8221;rgb(255, 255, 255)&#8221; htext_color=&#8221;rgb(255, 255, 255)&#8221; fs=&#8221;text_small:12px&#8221; lh=&#8221;text_small:1.5em&#8221; fw=&#8221;text_small:700&#8243; ls=&#8221;text_small:0.05em&#8221; button_box_shadow=&#8221;%5B%7B%22x_offset%22%3A%220%22%2C%22y_offset%22%3A%2220px%22%2C%22blur_radius%22%3A%2240px%22%2C%22shadow_color%22%3A%22rgba(73%2C76%2C137%2C0.13)%22%7D%5D&#8221; hover_button_box_shadow=&#8221;%5B%7B%7D%5D&#8221; css=&#8221;.vc_custom_1622633657273{margin-bottom: 25px !important;padding-top: 0.5em !important;padding-bottom: 0.5em !important;}&#8221;][vc_column_text]<span style=\"font-size: 12px;\">yada bizimle iletime ge\u00e7mek i\u00e7in \u00a0<a href=\"\/bize-ulasin\/\">t\u0131klay\u0131n<\/a><\/span>[\/vc_column_text][\/vc_column][vc_column align=&#8221;text-center&#8221; offset=&#8221;vc_col-md-6&#8243; responsive_align=&#8221;text-center&#8221;][ld_images_group_element img_size=&#8221;100%&#8221; enable_hover3d=&#8221;yes&#8221; enable_float_effect=&#8221;yes&#8221; image=&#8221;266&#8243; margin=&#8221;left_large:-18%25&#8243;][\/ld_images_group_element][\/vc_column][\/vc_row][vc_row full_height=&#8221;yes&#8221; content_placement=&#8221;middle&#8221; luminosity=&#8221;dark&#8221; css=&#8221;.vc_custom_1666768711515{padding-top: 80px !important;padding-bottom: 80px !important;background-color: #ffffff !important;background-position: 0 0 !important;background-repeat: repeat !important;}&#8221; data_tooltip=&#8221;Better Sound&#8221; responsive_css=&#8221;padding_top_medium:150px|padding_bottom_medium:150px|padding_top_small:100px|padding_bottom_small:100px&#8221; el_id=&#8221;teknoloji&#8221;][vc_column enable_content_animation=&#8221;yes&#8221; ca_init_scale_x=&#8221;1&#8243; ca_init_scale_y=&#8221;1&#8243; ca_init_opacity=&#8221;0&#8243; ca_an_scale_x=&#8221;1&#8243; ca_an_scale_y=&#8221;1&#8243; ca_an_opacity=&#8221;1&#8243; ca_init_scale_z=&#8221;1&#8243; ca_an_scale_z=&#8221;1&#8243; offset=&#8221;vc_col-md-6&#8243; ca_duration=&#8221;1800&#8243; ca_delay=&#8221;180&#8243; ca_init_translate_y=&#8221;35&#8243;][ld_fancy_heading use_custom_fonts_title=&#8221;true&#8221; lh=&#8221;text_small:1em&#8221; fs=&#8221;text_all:40px|text_large:5vw|text_medium:77px|text_small:17vw&#8221; color=&#8221;rgb(0, 0, 0)&#8221; margin=&#8221;bottom_small:0px&#8221; ls=&#8221;text_small:-0.02em&#8221;]Teknolojiyi Hayata[\/ld_fancy_heading][ld_fancy_heading use_custom_fonts_title=&#8221;true&#8221; lh=&#8221;text_small:1.1em&#8221; fs=&#8221;text_large:5vw|text_medium:77px|text_small:23.5vw&#8221; gradient=&#8221;linear-gradient(90deg, rgb(245, 58, 139) 15.923566878980886%, rgb(238, 112, 74) 50.63694267515923%, rgb(107,133,255) 99.68152866242038%)&#8221; ls=&#8221;text_small:-0.02em&#8221; margin=&#8221;bottom_small:0.35em&#8221;]aktar\u0131r![\/ld_fancy_heading][ld_button style=&#8221;btn-solid&#8221; title=&#8221;Zay\u0131f Ak\u0131m `{`ld_span`}`Kablolar\u0131 i\u00e7in T\u0131klay\u0131n`{`\/ld_span`}`&#8221; shape=&#8221;round&#8221; size=&#8221;btn-lg&#8221; border=&#8221;border-none&#8221; i_type=&#8221;fontawesome&#8221; i_separator=&#8221;btn-icon-sep&#8221; enable_row_shadowbox=&#8221;yes&#8221; i_add_icon=&#8221;true&#8221; i_icon_fontawesome=&#8221;fas fa-microchip&#8221; i_size=&#8221;22px&#8221; color=&#8221;rgb(44, 46, 49)&#8221; text_color=&#8221;rgb(255, 255, 255)&#8221; htext_color=&#8221;rgb(255, 255, 255)&#8221; fs=&#8221;text_small:12px&#8221; lh=&#8221;text_small:1.5em&#8221; fw=&#8221;text_small:700&#8243; ls=&#8221;text_small:0.05em&#8221; button_box_shadow=&#8221;%5B%7B%22x_offset%22%3A%220%22%2C%22y_offset%22%3A%2220px%22%2C%22blur_radius%22%3A%2240px%22%2C%22shadow_color%22%3A%22rgba(73%2C76%2C137%2C0.13)%22%7D%5D&#8221; hover_button_box_shadow=&#8221;%5B%7B%7D%5D&#8221; css=&#8221;.vc_custom_1622634542848{margin-bottom: 25px !important;padding-top: 0.5em !important;padding-bottom: 0.5em !important;}&#8221;][\/vc_column][vc_column column_top_onmobile=&#8221;yes&#8221; align=&#8221;text-center&#8221; offset=&#8221;vc_col-md-6&#8243; responsive_css=&#8221;padding_top_medium:0px|margin_bottom_small:0px|padding_top_small:60px&#8221; css=&#8221;.vc_custom_1606983223802{margin-bottom: 20px !important;}&#8221; responsive_align=&#8221;text-center&#8221;][ld_images_group_element img_size=&#8221;60%&#8221; image=&#8221;272&#8243;][\/ld_images_group_element][\/vc_column][\/vc_row]<\/p>\n","protected":false},"excerpt":{"rendered":"<p>[vc_row full_width=&#8221;stretch_row&#8221; full_height=&#8221;yes&#8221; content_placement=&#8221;middle&#8221; data_tooltip=&#8221;Haberle\u015fme&#8221; responsive_css=&#8221;padding_top_medium:6vh|padding_right_medium:10vw|padding_bottom_medium:0px|padding_left_medium:10vw|padding_bottom_small:100px&#8221; css=&#8221;.vc_custom_1622633454898{padding-top: 160px !important;padding-bottom: 60px !important;background-image: url(https:\/\/espkablo.com\/wp-content\/uploads\/2020\/07\/lines-5.svg?id=204) !important;background-position: 0 0 !important;background-repeat: repeat !important;}&#8221; el_id=&#8221;bilgi&#8221;][vc_column enable_content_animation=&#8221;yes&#8221; ca_init_scale_x=&#8221;1&#8243; ca_init_scale_y=&#8221;1&#8243; ca_init_opacity=&#8221;0&#8243; ca_an_scale_x=&#8221;1&#8243; ca_an_scale_y=&#8221;1&#8243; ca_an_opacity=&#8221;1&#8243; ca_init_scale_z=&#8221;1&#8243; ca_an_scale_z=&#8221;1&#8243; offset=&#8221;vc_col-md-6&#8243; responsive_css=&#8221;margin_bottom_medium:0px&#8221; css=&#8221;.vc_custom_1612169489054{margin-bottom: 35px !important;}&#8221; responsive_align=&#8221;text-center text-sm-left&#8221; ca_duration=&#8221;1600&#8243; ca_delay=&#8221;160&#8243; ca_init_translate_y=&#8221;45&#8243;][ld_fancy_heading use_custom_fonts_title=&#8221;true&#8221; lh=&#8221;text_small:1em&#8221; fs=&#8221;text_all:40px|text_large:5vw|text_medium:77px|text_small:17vw&#8221; color=&#8221;rgb(0, 0, 0)&#8221; margin=&#8221;bottom_small:0px&#8221; ls=&#8221;text_small:-0.02em&#8221;]Bilgiyi Hayata[\/ld_fancy_heading][ld_fancy_heading use_custom_fonts_title=&#8221;true&#8221; lh=&#8221;text_small:1.1em&#8221; fs=&#8221;text_large:5vw|text_medium:77px|text_small:23.5vw&#8221; gradient=&#8221;linear-gradient(90deg, rgb(245, 58, 139) 15.923566878980886%, [&hellip;]<\/p>\n","protected":false},"author":1,"featured_media":0,"parent":0,"menu_order":0,"comment_status":"closed","ping_status":"closed","template":"","meta":{"_joinchat":[],"footnotes":""},"class_list":["post-9","page","type-page","status-publish","hentry"],"_links":{"self":[{"href":"https:\/\/espkablo.com\/index.php\/wp-json\/wp\/v2\/pages\/9","targetHints":{"allow":["GET"]}}],"collection":[{"href":"https:\/\/espkablo.com\/index.php\/wp-json\/wp\/v2\/pages"}],"about":[{"href":"https:\/\/espkablo.com\/index.php\/wp-json\/wp\/v2\/types\/page"}],"author":[{"embeddable":true,"href":"https:\/\/espkablo.com\/index.php\/wp-json\/wp\/v2\/users\/1"}],"replies":[{"embeddable":true,"href":"https:\/\/espkablo.com\/index.php\/wp-json\/wp\/v2\/comments?post=9"}],"version-history":[{"count":40,"href":"https:\/\/espkablo.com\/index.php\/wp-json\/wp\/v2\/pages\/9\/revisions"}],"predecessor-version":[{"id":482,"href":"https:\/\/espkablo.com\/index.php\/wp-json\/wp\/v2\/pages\/9\/revisions\/482"}],"wp:attachment":[{"href":"https:\/\/espkablo.com\/index.php\/wp-json\/wp\/v2\/media?parent=9"}],"curies":[{"name":"wp","href":"https:\/\/api.w.org\/{rel}","templated":true}]}}